{"id":6,"date":"2020-06-28T19:55:15","date_gmt":"2020-06-28T22:55:15","guid":{"rendered":"http:\/\/34.95.220.148\/?page_id=6"},"modified":"2024-05-23T20:20:15","modified_gmt":"2024-05-23T23:20:15","slug":"oricos","status":"publish","type":"page","link":"https:\/\/oricosti.com.br\/","title":{"rendered":"ORICOSTI"},"content":{"rendered":"\n<p>Bem-vindo(a)! Aqui voc\u00ea ter\u00e1 ajuda e resultados com solu\u00e7\u00e3o Firewall pfsense rede local e Nuvem.<\/p>\n\n\n\n<p>Projetos, suporte pfSense, treinamentos, desde diagn\u00f3stico at\u00e9 preventivas, monitoramento, SLA<\/p>\n","protected":false},"excerpt":{"rendered":"<p>Bem-vindo(a)! Aqui voc\u00ea ter\u00e1 ajuda e resultados com solu\u00e7\u00e3o Firewall pfsense rede local e Nuvem. Projetos, suporte pfSense, treinamentos, desde diagn\u00f3stico at\u00e9 preventivas, monitoramento, SLA<\/p>\n","protected":false},"author":1,"featured_media":0,"parent":0,"menu_order":0,"comment_status":"closed","ping_status":"closed","template":"","meta":{"footnotes":""},"class_list":["post-6","page","type-page","status-publish","hentry"],"_links":{"self":[{"href":"https:\/\/oricosti.com.br\/index.php\/wp-json\/wp\/v2\/pages\/6","targetHints":{"allow":["GET"]}}],"collection":[{"href":"https:\/\/oricosti.com.br\/index.php\/wp-json\/wp\/v2\/pages"}],"about":[{"href":"https:\/\/oricosti.com.br\/index.php\/wp-json\/wp\/v2\/types\/page"}],"author":[{"embeddable":true,"href":"https:\/\/oricosti.com.br\/index.php\/wp-json\/wp\/v2\/users\/1"}],"replies":[{"embeddable":true,"href":"https:\/\/oricosti.com.br\/index.php\/wp-json\/wp\/v2\/comments?post=6"}],"version-history":[{"count":3,"href":"https:\/\/oricosti.com.br\/index.php\/wp-json\/wp\/v2\/pages\/6\/revisions"}],"predecessor-version":[{"id":470,"href":"https:\/\/oricosti.com.br\/index.php\/wp-json\/wp\/v2\/pages\/6\/revisions\/470"}],"wp:attachment":[{"href":"https:\/\/oricosti.com.br\/index.php\/wp-json\/wp\/v2\/media?parent=6"}],"curies":[{"name":"wp","href":"https:\/\/api.w.org\/{rel}","templated":true}]}}